{"id":5,"date":"2020-01-13T11:17:52","date_gmt":"2020-01-13T11:17:52","guid":{"rendered":"https:\/\/demosites.io\/web-agency-gb\/?page_id=5"},"modified":"2025-10-31T17:46:57","modified_gmt":"2025-10-31T15:46:57","slug":"15c42-web-agency-gb-home","status":"publish","type":"page","link":"http:\/\/gibaldo.com\/","title":{"rendered":"Home"},"content":{"rendered":"\n<div class=\"wp-block-cover alignfull\" style=\"min-height:448px\"><span aria-hidden=\"true\" class=\"wp-block-cover__background has-nv-site-bg-background-color has-background-dim-70 has-background-dim\"><\/span><img loading=\"lazy\" decoding=\"async\" width=\"1920\" height=\"820\" class=\"wp-block-cover__image-background wp-image-624\" alt=\"\" src=\"http:\/\/gibaldo.com\/wp-content\/uploads\/2025\/10\/Sieppaa.jpg\" style=\"object-position:44% 64%\" data-object-fit=\"cover\" data-object-position=\"44% 64%\" srcset=\"http:\/\/gibaldo.com\/wp-content\/uploads\/2025\/10\/Sieppaa.jpg 1920w, http:\/\/gibaldo.com\/wp-content\/uploads\/2025\/10\/Sieppaa-300x128.jpg 300w, http:\/\/gibaldo.com\/wp-content\/uploads\/2025\/10\/Sieppaa-1024x437.jpg 1024w, http:\/\/gibaldo.com\/wp-content\/uploads\/2025\/10\/Sieppaa-768x328.jpg 768w, http:\/\/gibaldo.com\/wp-content\/uploads\/2025\/10\/Sieppaa-1536x656.jpg 1536w\" sizes=\"(max-width: 1920px) 100vw, 1920px\" \/><div class=\"wp-block-cover__inner-container is-layout-flow wp-block-cover-is-layout-flow\">\n<div style=\"height:80px\" aria-hidden=\"true\" class=\"wp-block-spacer\"><\/div>\n\n\n\n<h1 class=\"wp-block-heading has-text-align-right has-text-color\" style=\"color:#121212\">  Rakennusyritys Uudellamaalla<\/h1>\n\n\n\n<p class=\"has-text-align-center has-text-color\" style=\"color:#121212;font-size:17px\"> <\/p>\n\n\n\n<div style=\"height:80px\" aria-hidden=\"true\" class=\"wp-block-spacer\"><\/div>\n<\/div><\/div>\n\n\n\n<div style=\"height:80px\" aria-hidden=\"true\" class=\"wp-block-spacer\"><\/div>\n\n\n\n<div class=\"wp-block-columns is-layout-flex wp-container-core-columns-layout-1 wp-block-columns-is-layout-flex\">\n<div class=\"wp-block-column is-layout-flow wp-block-column-is-layout-flow\"><div class=\"wp-block-image icon-style is-style-default\">\n<figure class=\"aligncenter size-full is-resized\"><a href=\"http:\/\/gibaldo.com\/index.php\/15c42-web-agency-gb-about-us\/\"><img loading=\"lazy\" decoding=\"async\" width=\"509\" height=\"396\" src=\"http:\/\/gibaldo.com\/wp-content\/uploads\/2022\/01\/maanrakennus2.jpg\" alt=\"\" class=\"wp-image-355\" style=\"width:255px;height:198px\" title=\"\" srcset=\"http:\/\/gibaldo.com\/wp-content\/uploads\/2022\/01\/maanrakennus2.jpg 509w, http:\/\/gibaldo.com\/wp-content\/uploads\/2022\/01\/maanrakennus2-300x233.jpg 300w\" sizes=\"(max-width: 509px) 100vw, 509px\" \/><\/a><\/figure><\/div>\n\n\n<p class=\"has-text-align-center\">Teemme talon pohjaty\u00f6t, salaojitukset, pihat, ajotiet, ojankaivuut, kaapelity\u00f6t sek\u00e4 muut kaivuuty\u00f6t.<\/p>\n\n\n\n<div style=\"height:20px\" aria-hidden=\"true\" class=\"wp-block-spacer\"><\/div>\n<\/div>\n\n\n\n<div class=\"wp-block-column is-layout-flow wp-block-column-is-layout-flow\"><div class=\"wp-block-image icon-style is-style-rounded\">\n<figure class=\"aligncenter size-full is-resized\"><a href=\"http:\/\/gibaldo.com\/index.php\/15c42-web-agency-gb-portfolio\/\"><img loading=\"lazy\" decoding=\"async\" width=\"509\" height=\"396\" src=\"http:\/\/gibaldo.com\/wp-content\/uploads\/2022\/01\/kujetus.jpg\" alt=\"\" class=\"wp-image-357\" style=\"width:255px;height:198px\" srcset=\"http:\/\/gibaldo.com\/wp-content\/uploads\/2022\/01\/kujetus.jpg 509w, http:\/\/gibaldo.com\/wp-content\/uploads\/2022\/01\/kujetus-300x233.jpg 300w\" sizes=\"(max-width: 509px) 100vw, 509px\" \/><\/a><\/figure><\/div>\n\n\n<p class=\"has-text-align-center\">Meilt\u00e4 saat tilattu sorat, mullat sek\u00e4 vaihtolavan rakennusj\u00e4tteelle.<\/p>\n\n\n\n<div style=\"height:20px\" aria-hidden=\"true\" class=\"wp-block-spacer\"><\/div>\n\n\n\n<p><\/p>\n<\/div>\n\n\n\n<div class=\"wp-block-column is-layout-flow wp-block-column-is-layout-flow\"><div class=\"wp-block-image icon-style is-style-default\">\n<figure class=\"aligncenter size-full is-resized\"><a href=\"http:\/\/gibaldo.com\/index.php\/15c42-web-agency-gb-portfolio-single\/\"><img loading=\"lazy\" decoding=\"async\" width=\"509\" height=\"396\" src=\"http:\/\/gibaldo.com\/wp-content\/uploads\/2022\/01\/rakennuspalvelu.jpg\" alt=\"\" class=\"wp-image-358\" style=\"width:255px;height:198px\" srcset=\"http:\/\/gibaldo.com\/wp-content\/uploads\/2022\/01\/rakennuspalvelu.jpg 509w, http:\/\/gibaldo.com\/wp-content\/uploads\/2022\/01\/rakennuspalvelu-300x233.jpg 300w\" sizes=\"(max-width: 509px) 100vw, 509px\" \/><\/a><\/figure><\/div>\n\n\n<p class=\"has-text-align-center\">Teemme pienimuotoiset rakennusty\u00f6t kuten terassin rakentaminen, keitti\u00f6n asentaminen, v\u00e4lisein\u00e4rungot, kipsilevyasennukset, maalausty\u00f6t, viimeistelyty\u00f6t, laatoitusty\u00f6t ja paljon muuta.<\/p>\n\n\n\n<div style=\"height:20px\" aria-hidden=\"true\" class=\"wp-block-spacer\"><\/div>\n<\/div>\n<\/div>\n\n\n\n<div class=\"wp-block-cover alignfull\" style=\"min-height:628px\"><span aria-hidden=\"true\" class=\"wp-block-cover__background has-nv-dark-bg-background-color has-background-dim-100 has-background-dim\"><\/span><div class=\"wp-block-cover__inner-container is-layout-flow wp-block-cover-is-layout-flow\">\n<div style=\"height:140px\" aria-hidden=\"true\" class=\"wp-block-spacer\"><\/div>\n\n\n\n<h2 class=\"wp-block-heading has-text-align-center has-nv-text-dark-bg-color has-text-color\">Meill\u00e4 vain taivas on rajana<\/h2>\n\n\n\n<p class=\"has-text-align-center\">Gibaldo Oy<br>3252752-8<br>Kalaxintie 218<br>07320 Jakari<br>040-7162363<\/p>\n\n\n<div class=\"wp-block-image\">\n<figure class=\"aligncenter size-full is-resized\"><a href=\"https:\/\/zeckit.com\/selvitys\/FI\/3252752-8?section=quickcheck\"><img loading=\"lazy\" decoding=\"async\" width=\"792\" height=\"393\" src=\"http:\/\/gibaldo.com\/wp-content\/uploads\/2023\/08\/luotettava_kumppani_logo_792x393.png\" alt=\"\" class=\"wp-image-578\" style=\"width:191px;height:96px\" srcset=\"http:\/\/gibaldo.com\/wp-content\/uploads\/2023\/08\/luotettava_kumppani_logo_792x393.png 792w, http:\/\/gibaldo.com\/wp-content\/uploads\/2023\/08\/luotettava_kumppani_logo_792x393-300x149.png 300w, http:\/\/gibaldo.com\/wp-content\/uploads\/2023\/08\/luotettava_kumppani_logo_792x393-768x381.png 768w\" sizes=\"(max-width: 792px) 100vw, 792px\" \/><\/a><\/figure><\/div>\n\n\n<p><\/p>\n<\/div><\/div>\n","protected":false},"excerpt":{"rendered":"<p>Teemme talon pohjaty\u00f6t, salaojitukset, pihat, ajotiet, ojankaivuut, kaapelity\u00f6t sek\u00e4 muut kaivuuty\u00f6t. Meilt\u00e4 saat tilattu sorat, mullat sek\u00e4 vaihtolavan rakennusj\u00e4tteelle. Teemme pienimuotoiset rakennusty\u00f6t kuten terassin rakentaminen, keitti\u00f6n asentaminen, v\u00e4lisein\u00e4rungot, kipsilevyasennukset, maalausty\u00f6t, viimeistelyty\u00f6t, laatoitusty\u00f6t ja paljon muuta.<\/p>\n","protected":false},"author":1,"featured_media":0,"parent":0,"menu_order":0,"comment_status":"closed","ping_status":"closed","template":"","meta":{"_monsterinsights_skip_tracking":false,"_monsterinsights_sitenote_active":false,"_monsterinsights_sitenote_note":"","_monsterinsights_sitenote_category":0,"_uf_show_specific_survey":0,"_uf_disable_surveys":false,"neve_meta_sidebar":"default","neve_meta_container":"default","neve_meta_enable_content_width":"on","neve_meta_content_width":100,"neve_meta_title_alignment":"","neve_meta_author_avatar":"","neve_post_elements_order":"","neve_meta_disable_header":"","neve_meta_disable_footer":"","neve_meta_disable_title":"on","footnotes":""},"_links":{"self":[{"href":"http:\/\/gibaldo.com\/index.php\/wp-json\/wp\/v2\/pages\/5"}],"collection":[{"href":"http:\/\/gibaldo.com\/index.php\/wp-json\/wp\/v2\/pages"}],"about":[{"href":"http:\/\/gibaldo.com\/index.php\/wp-json\/wp\/v2\/types\/page"}],"author":[{"embeddable":true,"href":"http:\/\/gibaldo.com\/index.php\/wp-json\/wp\/v2\/users\/1"}],"replies":[{"embeddable":true,"href":"http:\/\/gibaldo.com\/index.php\/wp-json\/wp\/v2\/comments?post=5"}],"version-history":[{"count":17,"href":"http:\/\/gibaldo.com\/index.php\/wp-json\/wp\/v2\/pages\/5\/revisions"}],"predecessor-version":[{"id":627,"href":"http:\/\/gibaldo.com\/index.php\/wp-json\/wp\/v2\/pages\/5\/revisions\/627"}],"wp:attachment":[{"href":"http:\/\/gibaldo.com\/index.php\/wp-json\/wp\/v2\/media?parent=5"}],"curies":[{"name":"wp","href":"https:\/\/api.w.org\/{rel}","templated":true}]}}