{"id":69,"date":"2020-01-27T08:05:29","date_gmt":"2020-01-27T08:05:29","guid":{"rendered":"https:\/\/demosites.io\/web-agency-gb\/?page_id=69"},"modified":"2025-10-31T17:40:01","modified_gmt":"2025-10-31T15:40:01","slug":"15c42-web-agency-gb-portfolio","status":"publish","type":"page","link":"http:\/\/gibaldo.com\/index.php\/15c42-web-agency-gb-portfolio\/","title":{"rendered":"Kuljetus"},"content":{"rendered":"\n<div class=\"wp-block-cover alignfull is-light\" style=\"min-height:300px\"><span aria-hidden=\"true\" class=\"wp-block-cover__background has-nv-site-bg-background-color has-background-dim-100 has-background-dim\"><\/span><div class=\"wp-block-cover__inner-container is-layout-flow wp-block-cover-is-layout-flow\">\n<div class=\"wp-block-group is-layout-flow wp-block-group-is-layout-flow\"><div class=\"wp-block-group__inner-container\">\n<h1 class=\"wp-block-heading has-text-align-left has-neve-text-color-color has-text-color\">Kuljetus<\/h1>\n\n\n\n<p><\/p>\n<\/div><\/div>\n<\/div><\/div>\n\n\n\n<div class=\"wp-block-cover alignfull is-light\" style=\"min-height:600px\"><span aria-hidden=\"true\" class=\"wp-block-cover__background has-nv-light-bg-background-color has-background-dim-100 has-background-dim\"><\/span><div class=\"wp-block-cover__inner-container is-layout-flow wp-block-cover-is-layout-flow\">\n<div class=\"wp-block-group is-layout-flow wp-block-group-is-layout-flow\"><div class=\"wp-block-group__inner-container\">\n<div style=\"height:80px\" aria-hidden=\"true\" class=\"wp-block-spacer\"><\/div>\n\n\n\n<div class=\"wp-block-columns is-layout-flex wp-container-core-columns-layout-1 wp-block-columns-is-layout-flex\">\n<div class=\"wp-block-column is-vertically-aligned-top is-layout-flow wp-block-column-is-layout-flow\" style=\"flex-basis:50%\"><div class=\"wp-block-image\">\n<figure class=\"aligncenter size-full is-resized\"><img loading=\"lazy\" decoding=\"async\" width=\"2560\" height=\"1440\" src=\"http:\/\/gibaldo.com\/wp-content\/uploads\/2025\/10\/20250920_191812-1-edited-scaled.jpg\" alt=\"\" class=\"wp-image-622\" style=\"width:471px\" srcset=\"http:\/\/gibaldo.com\/wp-content\/uploads\/2025\/10\/20250920_191812-1-edited-scaled.jpg 2560w, http:\/\/gibaldo.com\/wp-content\/uploads\/2025\/10\/20250920_191812-1-edited-300x169.jpg 300w, http:\/\/gibaldo.com\/wp-content\/uploads\/2025\/10\/20250920_191812-1-edited-1024x576.jpg 1024w, http:\/\/gibaldo.com\/wp-content\/uploads\/2025\/10\/20250920_191812-1-edited-768x432.jpg 768w, http:\/\/gibaldo.com\/wp-content\/uploads\/2025\/10\/20250920_191812-1-edited-1536x864.jpg 1536w, http:\/\/gibaldo.com\/wp-content\/uploads\/2025\/10\/20250920_191812-1-edited-2048x1152.jpg 2048w\" sizes=\"(max-width: 2560px) 100vw, 2560px\" \/><\/figure><\/div>\n\n\n<h3 class=\"wp-block-heading has-text-align-center has-neve-text-color-color has-text-color\">Maa-ainesten kuljetus<\/h3>\n\n\n\n<p class=\"has-text-align-center has-neve-text-color-color has-text-color\">Kuljetamme sorat, mullat, sepelit, t\u00e4ytt\u00f6maat, kannot ja kivet uudenmaan alueella.<\/p>\n\n\n\n<div class=\"wp-block-buttons is-horizontal is-content-justification-center is-layout-flex wp-container-core-buttons-layout-1 wp-block-buttons-is-layout-flex\"><\/div>\n<\/div>\n\n\n\n<div class=\"wp-block-column is-vertically-aligned-top is-layout-flow wp-block-column-is-layout-flow\" style=\"flex-basis:50%\"><div class=\"wp-block-image\">\n<figure class=\"aligncenter size-full is-resized\"><img loading=\"lazy\" decoding=\"async\" width=\"841\" height=\"473\" src=\"http:\/\/gibaldo.com\/wp-content\/uploads\/2025\/10\/IMG_20210803_141801-1-edited.jpg\" alt=\"\" class=\"wp-image-617\" style=\"width:471px\" srcset=\"http:\/\/gibaldo.com\/wp-content\/uploads\/2025\/10\/IMG_20210803_141801-1-edited.jpg 841w, http:\/\/gibaldo.com\/wp-content\/uploads\/2025\/10\/IMG_20210803_141801-1-edited-300x169.jpg 300w, http:\/\/gibaldo.com\/wp-content\/uploads\/2025\/10\/IMG_20210803_141801-1-edited-768x432.jpg 768w\" sizes=\"(max-width: 841px) 100vw, 841px\" \/><\/figure><\/div>\n\n\n<h3 class=\"wp-block-heading has-text-align-center has-neve-text-color-color has-text-color\">Koneiden kuljetus<\/h3>\n\n\n\n<p class=\"has-text-align-center has-neve-text-color-color has-text-color\">Tarjoamme ty\u00f6koneiden kuljetuspalveluita nopealla ja joustavalla aikataululla. Lavakalusto mahdollistaa erilaisten py\u00f6rill\u00e4 ja teloilla liikkuvien ty\u00f6koneiden, kuten kaivinkoneiden tai kuormaajien kuljetukset lavalla aina 17 t saakka.<\/p>\n<\/div>\n<\/div>\n<\/div><\/div>\n\n\n\n<p><\/p>\n<\/div><\/div>\n\n\n\n<div class=\"wp-block-cover alignfull is-light\" style=\"min-height:600px\"><span aria-hidden=\"true\" class=\"wp-block-cover__background has-nv-site-bg-background-color has-background-dim-100 has-background-dim\"><\/span><div class=\"wp-block-cover__inner-container is-layout-flow wp-block-cover-is-layout-flow\">\n<div class=\"wp-block-group is-layout-flow wp-block-group-is-layout-flow\"><div class=\"wp-block-group__inner-container\">\n<div style=\"height:80px\" aria-hidden=\"true\" class=\"wp-block-spacer\"><\/div>\n\n\n\n<div class=\"wp-block-columns is-layout-flex wp-container-core-columns-layout-2 wp-block-columns-is-layout-flex\">\n<div class=\"wp-block-column is-vertically-aligned-top is-layout-flow wp-block-column-is-layout-flow\" style=\"flex-basis:50%\">\n<figure class=\"wp-block-image size-large is-resized\"><img loading=\"lazy\" decoding=\"async\" width=\"1024\" height=\"576\" src=\"http:\/\/gibaldo.com\/wp-content\/uploads\/2022\/01\/IMG_20210607_103418-1024x576.jpg\" alt=\"\" class=\"wp-image-434\" style=\"width:531px;height:auto\" srcset=\"http:\/\/gibaldo.com\/wp-content\/uploads\/2022\/01\/IMG_20210607_103418-1024x576.jpg 1024w, http:\/\/gibaldo.com\/wp-content\/uploads\/2022\/01\/IMG_20210607_103418-300x169.jpg 300w, http:\/\/gibaldo.com\/wp-content\/uploads\/2022\/01\/IMG_20210607_103418-768x432.jpg 768w, http:\/\/gibaldo.com\/wp-content\/uploads\/2022\/01\/IMG_20210607_103418-1536x864.jpg 1536w, http:\/\/gibaldo.com\/wp-content\/uploads\/2022\/01\/IMG_20210607_103418-2048x1152.jpg 2048w\" sizes=\"(max-width: 1024px) 100vw, 1024px\" \/><\/figure>\n\n\n\n<h3 class=\"wp-block-heading has-text-align-center has-neve-text-color-color has-text-color\">Vaihtolavakuljetukset<\/h3>\n\n\n\n<p class=\"has-text-align-center has-neve-text-color-color has-text-color\">Toimitamme ja vaihdamme vaihtolavat, j\u00e4telavat sek\u00e4 roskalavat Uudenmaan alueella. Meilt\u00e4 voi vuokrata erikokoiset lavat kaikenlaisiin k\u00e4ytt\u00f6tarkoituksiin. Kuljetamme vaihtolavat, roskalavat, kontit ja ty\u00f6maaparakit niin yrityksille, taloyhti\u00f6ille kuin yksityistalouksiin.<\/p>\n\n\n\n<div class=\"wp-block-buttons is-horizontal is-content-justification-center is-layout-flex wp-container-core-buttons-layout-2 wp-block-buttons-is-layout-flex\"><\/div>\n\n\n\n<div style=\"height:40px\" aria-hidden=\"true\" class=\"wp-block-spacer\"><\/div>\n<\/div>\n\n\n\n<div class=\"wp-block-column is-vertically-aligned-top is-layout-flow wp-block-column-is-layout-flow\" style=\"flex-basis:50%\">\n<figure class=\"wp-block-image size-large is-resized\"><img loading=\"lazy\" decoding=\"async\" width=\"1024\" height=\"576\" src=\"http:\/\/gibaldo.com\/wp-content\/uploads\/2025\/10\/20221202_100251-1024x576.jpg\" alt=\"\" class=\"wp-image-618\" style=\"width:531px\" srcset=\"http:\/\/gibaldo.com\/wp-content\/uploads\/2025\/10\/20221202_100251-1024x576.jpg 1024w, http:\/\/gibaldo.com\/wp-content\/uploads\/2025\/10\/20221202_100251-300x169.jpg 300w, http:\/\/gibaldo.com\/wp-content\/uploads\/2025\/10\/20221202_100251-768x432.jpg 768w, http:\/\/gibaldo.com\/wp-content\/uploads\/2025\/10\/20221202_100251-1536x864.jpg 1536w, http:\/\/gibaldo.com\/wp-content\/uploads\/2025\/10\/20221202_100251-2048x1152.jpg 2048w\" sizes=\"(max-width: 1024px) 100vw, 1024px\" \/><\/figure>\n\n\n\n<p><\/p>\n\n\n\n<div style=\"height:40px\" aria-hidden=\"true\" class=\"wp-block-spacer\"><\/div>\n<\/div>\n<\/div>\n\n\n\n<div style=\"height:40px\" aria-hidden=\"true\" class=\"wp-block-spacer\"><\/div>\n<\/div><\/div>\n<\/div><\/div>\n","protected":false},"excerpt":{"rendered":"","protected":false},"author":1,"featured_media":0,"parent":0,"menu_order":0,"comment_status":"closed","ping_status":"closed","template":"","meta":{"_monsterinsights_skip_tracking":false,"_monsterinsights_sitenote_active":false,"_monsterinsights_sitenote_note":"","_monsterinsights_sitenote_category":0,"_uf_show_specific_survey":0,"_uf_disable_surveys":false,"neve_meta_sidebar":"full-width","neve_meta_container":"","neve_meta_enable_content_width":"on","neve_meta_content_width":100,"neve_meta_title_alignment":"","neve_meta_author_avatar":"","neve_post_elements_order":"","neve_meta_disable_header":"","neve_meta_disable_footer":"","neve_meta_disable_title":"on","footnotes":""},"_links":{"self":[{"href":"http:\/\/gibaldo.com\/index.php\/wp-json\/wp\/v2\/pages\/69"}],"collection":[{"href":"http:\/\/gibaldo.com\/index.php\/wp-json\/wp\/v2\/pages"}],"about":[{"href":"http:\/\/gibaldo.com\/index.php\/wp-json\/wp\/v2\/types\/page"}],"author":[{"embeddable":true,"href":"http:\/\/gibaldo.com\/index.php\/wp-json\/wp\/v2\/users\/1"}],"replies":[{"embeddable":true,"href":"http:\/\/gibaldo.com\/index.php\/wp-json\/wp\/v2\/comments?post=69"}],"version-history":[{"count":15,"href":"http:\/\/gibaldo.com\/index.php\/wp-json\/wp\/v2\/pages\/69\/revisions"}],"predecessor-version":[{"id":623,"href":"http:\/\/gibaldo.com\/index.php\/wp-json\/wp\/v2\/pages\/69\/revisions\/623"}],"wp:attachment":[{"href":"http:\/\/gibaldo.com\/index.php\/wp-json\/wp\/v2\/media?parent=69"}],"curies":[{"name":"wp","href":"https:\/\/api.w.org\/{rel}","templated":true}]}}